{"id":3588,"date":"2019-06-27T12:43:06","date_gmt":"2019-06-27T12:43:06","guid":{"rendered":"http:\/\/inspirythemesdemo.com\/realplaces\/?page_id=3580"},"modified":"2023-05-18T23:01:50","modified_gmt":"2023-05-19T04:01:50","slug":"preguntas-frecuentes","status":"publish","type":"page","link":"https:\/\/fullhouseprefabricados.com\/index.php\/preguntas-frecuentes\/","title":{"rendered":"Preguntas Frecuentes"},"content":{"rendered":"<p><span style=\"vertical-align: inherit;\"><span style=\"vertical-align: inherit;\">            <div class=\"qae-faqs-container qae-faqs-toggle-container\">\n\t\t\t\t\t\t\t<ul class=\"qe-faqs-filters-container\">\n\t\t\t\t<li class=\"active\"><a class=\"qe-faqs-filter all-faqs\" href=\"#\" data-filter=\"*\">All<\/a><\/li>\n\t\t\t\t<li><a class=\"qe-faqs-filter\" href=\"#agents-faqs\" data-filter=\".agents-faqs\">Agents FAQs<\/a><\/li><li><a class=\"qe-faqs-filter\" href=\"#choosing-a-property\" data-filter=\".choosing-a-property\">Choosing a Property<\/a><\/li>\t\t\t<\/ul>\n\t\t\t\t\t<div id=\"qaef-3553\" class=\"qe-faq-toggle agents-faqs\">\n\t\t\t<div class=\"qe-toggle-title\">\n\t\t\t\t<h4>\n\t\t\t\t\t<i class=\"fa fa-minus-circle\"><\/i> \u00bfQue tipos de casas construyen?\t\t\t\t<\/h4>\n\t\t\t<\/div>\n\t\t\t<div class=\"qe-toggle-content\">\n\t\t\t\t<p>Existen diversos tipos de casas.<\/p>\n<p>Construimos casas personalizadas que son hechas a medida y al gusto de nuestros clientes, normalmente son casas lujosas y de altos est\u00e1ndares en los acabados.<\/p>\n<p>Tambi\u00e9n hacemos casas semi personalizadas en la que normalmente le ofrecemos al cliente una\u00a0 seria de opciones en el dise\u00f1o y sugerimos unas especificaciones ajust\u00e1ndonos al presupuesto de nuestros clientes.<\/p>\n<p>Manejamos los tipos de casas prefabricadas donde nos ajustamos a las necesidades y presupuestos de los clientes, atendiendo los requerimientos de espacios, dise\u00f1os, casas sismo resistentes,<\/p>\n\t\t\t<\/div>\n\t\t<\/div>\n\t\t\t\t<div id=\"qaef-3555\" class=\"qe-faq-toggle agents-faqs\">\n\t\t\t<div class=\"qe-toggle-title\">\n\t\t\t\t<h4>\n\t\t\t\t\t<i class=\"fa fa-minus-circle\"><\/i> \u00bfQuien supervisara la construcci\u00f3n de mi casa?\t\t\t\t<\/h4>\n\t\t\t<\/div>\n\t\t\t<div class=\"qe-toggle-content\">\n\t\t\t\t<p>Contamos con un equipo profesional que hace el acompa\u00f1amiento en todo el proceso de la construcci\u00f3n.<\/p>\n<p>Un supervisor de obra, directo responsable de ejecutar el contrato y de cumplir las clausulas convenidas entre las partes, haciendo que la comunicaci\u00f3n entre el cliente y el constructor sea de f\u00e1cil acceso y fluido hasta satisfacer todas las inquietudes y solucionar requerimientos de nuestros clientes.<\/p>\n<p>Arquitecto es el encargado de hacer todos los planos arquitect\u00f3nicos y de dise\u00f1ar nuestros proyectos con un alto grado de calidad y profesionalismo.<\/p>\n<p>Ingeniero estructural quien nos dise\u00f1a todos los planos estructurales y de cimentaciones de nuestras construcciones, garantiz\u00e1ndole al cliente una estabilidad y muy buena estructura de la casa.<\/p>\n<p>Un equipo de maestros y ayudantes de construcci\u00f3n encargados de apoyar el proceso desde la adecuaci\u00f3n del terreno hasta la entrega final del proyecto.<\/p>\n<p>Esto ayudara a que haya una comunicaci\u00f3n entre el cliente y la constructora durante el tiempo de la construcci\u00f3n donde se podr\u00e1 resolver dudas e inquietudes.<\/p>\n\t\t\t<\/div>\n\t\t<\/div>\n\t\t\t\t<div id=\"qaef-3556\" class=\"qe-faq-toggle agents-faqs\">\n\t\t\t<div class=\"qe-toggle-title\">\n\t\t\t\t<h4>\n\t\t\t\t\t<i class=\"fa fa-minus-circle\"><\/i> I have a family friend who is a Realtor. I like her and she is a help but she gives me one price to sell my home for and I think it is too low. So I called another agent who suggested a price more in line with my expectations. Who do I choose?\t\t\t\t<\/h4>\n\t\t\t<\/div>\n\t\t\t<div class=\"qe-toggle-content\">\n\t\t\t\t<p>You might want to consult a couple more Realtors on the market value of your home. Most of the estimates should be in the same ballpark.<\/p>\n<p>It could be that your friend is being more honest with you about the value of your home and the other Realtor gave you a higher number because he already knew you expected it. This is called &#8220;Buying a Listing&#8221; and is the subject of an article on our web site.<\/p>\n<p>Or it could simply be that your friend is a good friend, but not that great of a real estate agent.<\/p>\n<p>Mixing business and friendships is always risky to the friendship. On the other hand, if your friend is truly competent and was providing wise advice, she may be offended if you ignore the advice and choose another agent.<\/p>\n\t\t\t<\/div>\n\t\t<\/div>\n\t\t\t\t<div id=\"qaef-3557\" class=\"qe-faq-toggle choosing-a-property\">\n\t\t\t<div class=\"qe-toggle-title\">\n\t\t\t\t<h4>\n\t\t\t\t\t<i class=\"fa fa-minus-circle\"><\/i> I have to make a choice between an updated home in an older neighborhood or a newer home in a more modern neighborhood. The home in the older neighborhood has almost everything I want and is much larger, but which makes the most sense as an investment?\t\t\t\t<\/h4>\n\t\t\t<\/div>\n\t\t\t<div class=\"qe-toggle-content\">\n\t\t\t\t<p>If your goal is to buy a home for it&#8217;s resale value and the one you are thinking of buying in the older neighborhood is at the upper end of values for that neighborhood, then it may not be the wisest choice. If it is similar or lower in price to the others, then there should be no problem, because pricing should be considered in relation to the local neighborhood and not compared to homes in other neighborhoods (for the most part)<\/p>\n<p>Plus, is it a neighborhood on the decline, or are others going to be fixing things up, too, so that it is a neighborhood that is improving? It could turn out to be a very good deal as long as you don&#8217;t &#8220;overpay&#8221; because of the recent improvements.<\/p>\n<p>Remember that you also buy a home for it&#8217;s value to you as a &#8220;home,&#8221; and that is something else you should consider. Which neighborhood would you AND your family feel most comfortable in?<\/p>\n\t\t\t<\/div>\n\t\t<\/div>\n\t\t\t\t<div id=\"qaef-3558\" class=\"qe-faq-toggle choosing-a-property\">\n\t\t\t<div class=\"qe-toggle-title\">\n\t\t\t\t<h4>\n\t\t\t\t\t<i class=\"fa fa-minus-circle\"><\/i> When buying a new home, what upgrades should we go for? What holds the most value? Do we upgrade the lot? Pick more square footage in the house? Add an extra bedroom?, etc.\t\t\t\t<\/h4>\n\t\t\t<\/div>\n\t\t\t<div class=\"qe-toggle-content\">\n\t\t\t\t<p>A lot depends on why you are buying the house. Are you buying it mostly as a home or mostly as an investment? There is a difference.<\/p>\n<p>For the most part, upgrades are high-profit items for builders. They aren&#8217;t designed to enhance the value of the house, but make you happier with the house you do buy.<\/p>\n<p>If you are looking at your home as an investment, then you buy from the smaller to medium size in the tract and spend only a minimal amount on upgrades. If you are looking at your purchase as a home, then you select upgrades that will enhance your quality of living.<\/p>\n<p>One rule of thumb is to always upgrade the carpet and padding.<\/p>\n\t\t\t<\/div>\n\t\t<\/div>\n\t\t            <\/div>\n\t\t<\/span><\/span><\/p>\n","protected":false},"excerpt":{"rendered":"","protected":false},"author":1,"featured_media":0,"parent":0,"menu_order":0,"comment_status":"closed","ping_status":"closed","template":"","meta":{"footnotes":""},"_links":{"self":[{"href":"https:\/\/fullhouseprefabricados.com\/index.php\/wp-json\/wp\/v2\/pages\/3588"}],"collection":[{"href":"https:\/\/fullhouseprefabricados.com\/index.php\/wp-json\/wp\/v2\/pages"}],"about":[{"href":"https:\/\/fullhouseprefabricados.com\/index.php\/wp-json\/wp\/v2\/types\/page"}],"author":[{"embeddable":true,"href":"https:\/\/fullhouseprefabricados.com\/index.php\/wp-json\/wp\/v2\/users\/1"}],"replies":[{"embeddable":true,"href":"https:\/\/fullhouseprefabricados.com\/index.php\/wp-json\/wp\/v2\/comments?post=3588"}],"version-history":[{"count":2,"href":"https:\/\/fullhouseprefabricados.com\/index.php\/wp-json\/wp\/v2\/pages\/3588\/revisions"}],"predecessor-version":[{"id":6023,"href":"https:\/\/fullhouseprefabricados.com\/index.php\/wp-json\/wp\/v2\/pages\/3588\/revisions\/6023"}],"wp:attachment":[{"href":"https:\/\/fullhouseprefabricados.com\/index.php\/wp-json\/wp\/v2\/media?parent=3588"}],"curies":[{"name":"wp","href":"https:\/\/api.w.org\/{rel}","templated":true}]}}